{"id":34,"date":"2023-09-07T16:04:43","date_gmt":"2023-09-07T14:04:43","guid":{"rendered":"https:\/\/nplifestylemediaandtravel.com\/?page_id=34"},"modified":"2026-01-17T17:15:58","modified_gmt":"2026-01-17T16:15:58","slug":"copyright","status":"publish","type":"page","link":"https:\/\/nplifestylemediaandtravel.com\/ua\/copyright\/","title":{"rendered":"\u0410\u0412\u0422\u041e\u0420\u0421\u042c\u041a\u0415 \u041f\u0420\u0410\u0412\u041e \u00a9"},"content":{"rendered":"<div data-elementor-type=\"wp-page\" data-elementor-id=\"34\" class=\"elementor elementor-34\">\n\t\t\t\t<div class=\"elementor-element elementor-element-ff805fe e-flex e-con-boxed e-con e-parent\" data-id=\"ff805fe\" data-element_type=\"container\" data-e-type=\"container\" data-settings=\"{&quot;background_background&quot;:&quot;classic&quot;}\">\n\t\t\t\t\t<div class=\"e-con-inner\">\n\t\t\t\t<div class=\"elementor-element elementor-element-92adf64 elementor-widget elementor-widget-spacer\" data-id=\"92adf64\" data-element_type=\"widget\" data-e-type=\"widget\" data-widget_type=\"spacer.default\">\n\t\t\t\t<div class=\"elementor-widget-container\">\n\t\t\t\t\t\t\t<div class=\"elementor-spacer\">\n\t\t\t<div class=\"elementor-spacer-inner\"><\/div>\n\t\t<\/div>\n\t\t\t\t\t\t<\/div>\n\t\t\t\t<\/div>\n\t\t\t\t<div class=\"elementor-element elementor-element-f77b771 animated-slow elementor-invisible elementor-widget elementor-widget-heading\" data-id=\"f77b771\" data-element_type=\"widget\" data-e-type=\"widget\" data-settings=\"{&quot;_animation&quot;:&quot;fadeIn&quot;,&quot;_animation_delay&quot;:1500}\" data-widget_type=\"heading.default\">\n\t\t\t\t<div class=\"elementor-widget-container\">\n\t\t\t\t\t<h2 class=\"elementor-heading-title elementor-size-default\">\u0410\u0432\u0442\u043e\u0440\u0441\u044c\u043a\u0435 \u043f\u0440\u0430\u0432\u043e \u00a9 NP Lifestyle media &amp; travel 2019-2026. \u0423\u0441\u0456 \u043f\u0440\u0430\u0432\u0430 \u0437\u0430\u0445\u0438\u0449\u0435\u043d\u0456.<\/h2>\t\t\t\t<\/div>\n\t\t\t\t<\/div>\n\t\t\t\t<div class=\"elementor-element elementor-element-69291b7 animated-slow elementor-invisible elementor-widget elementor-widget-text-editor\" data-id=\"69291b7\" data-element_type=\"widget\" data-e-type=\"widget\" data-settings=\"{&quot;_animation&quot;:&quot;fadeIn&quot;,&quot;_animation_delay&quot;:1500}\" data-widget_type=\"text-editor.default\">\n\t\t\t\t<div class=\"elementor-widget-container\">\n\t\t\t\t\t\t\t\t\t<p>\u0412\u0435\u0441\u044c \u0432\u043c\u0456\u0441\u0442 \u0446\u044c\u043e\u0433\u043e \u0432\u0435\u0431\u0441\u0430\u0439\u0442\u0443, \u0437\u043e\u043a\u0440\u0435\u043c\u0430 \u0442\u0435\u043a\u0441\u0442\u0438, \u0444\u043e\u0442\u043e\u0433\u0440\u0430\u0444\u0456\u0457 \u0442\u0430 \u0433\u0440\u0430\u0444\u0456\u043a\u0430, <br \/>\u0437\u0430\u0445\u0438\u0449\u0435\u043d\u0456 \u0430\u0432\u0442\u043e\u0440\u0441\u044c\u043a\u0438\u043c \u043f\u0440\u0430\u0432\u043e\u043c. \u0410\u0432\u0442\u043e\u0440\u0441\u044c\u043a\u0435 \u043f\u0440\u0430\u0432\u043e \u043d\u0430\u043b\u0435\u0436\u0438\u0442\u044c, \u044f\u043a\u0449\u043e \u0456\u043d\u0448\u0435 \u043f\u0440\u044f\u043c\u043e \u043d\u0435<br \/>\u0437\u0430\u0437\u043d\u0430\u0447\u0435\u043d\u043e, \u0443 Peter M. Keller \u00abNP Lifestyle media &amp; travel\u00bb<\/p><p>\u041f\u0440\u0430\u0432\u0430 \u043d\u0430 YouTube, Instagram, mpb, Epidemic Sound,<span style=\"color: #ff0000;\">\u00a0<\/span>\u043d\u0430\u043b\u0435\u0436\u0430\u0442\u044c \u0457\u0445\u043d\u0456\u043c \u0432\u043b\u0430\u0441\u043d\u0438\u043a\u0430\u043c<\/p><p>\u041d\u0435\u0441\u0430\u043d\u043a\u0446\u0456\u043e\u043d\u043e\u0432\u0430\u043d\u0435 \u0432\u0438\u043a\u043e\u0440\u0438\u0441\u0442\u0430\u043d\u043d\u044f \u0442\u0430\/\u0430\u0431\u043e \u043a\u043e\u043f\u0456\u044e\u0432\u0430\u043d\u043d\u044f \u0446\u044c\u043e\u0433\u043e \u043c\u0430\u0442\u0435\u0440\u0456\u0430\u043b\u0443 \u0431\u0435\u0437 \u043f\u0440\u044f\u043c\u043e\u0433\u043e \u043f\u0438\u0441\u044c\u043c\u043e\u0432\u043e\u0433\u043e \u0434\u043e\u0437\u0432\u043e\u043b\u0443 \u0430\u0432\u0442\u043e\u0440\u0430 \u0442\u0430\/\u0430\u0431\u043e \u0432\u043b\u0430\u0441\u043d\u0438\u043a\u0430 \u0446\u044c\u043e\u0433\u043e \u0432\u0435\u0431\u0441\u0430\u0439\u0442\u0443 \u0441\u0443\u0432\u043e\u0440\u043e \u0437\u0430\u0431\u043e\u0440\u043e\u043d\u0435\u043d\u043e. \u0412\u0438\u0442\u044f\u0433\u0438 \u0442\u0430 \u043f\u043e\u0441\u0438\u043b\u0430\u043d\u043d\u044f \u043c\u043e\u0436\u0443\u0442\u044c \u0431\u0443\u0442\u0438 \u0432\u0438\u043a\u043e\u0440\u0438\u0441\u0442\u0430\u043d\u0456 \u0437\u0430 \u0443\u043c\u043e\u0432\u0438, \u0449\u043e NP Lifestyle media &amp; travel \u043f\u043e\u0432\u043d\u0456\u0441\u0442\u044e \u0442\u0430 \u043e\u0434\u043d\u043e\u0437\u043d\u0430\u0447\u043d\u043e \u0437\u0433\u0430\u0434\u0443\u0454\u0442\u044c\u0441\u044f, \u0456 \u043d\u0430\u0434\u0430\u0454\u0442\u044c\u0441\u044f \u0432\u0456\u0434\u043f\u043e\u0432\u0456\u0434\u043d\u0430 \u0442\u0430 \u043a\u043e\u043d\u043a\u0440\u0435\u0442\u043d\u0430 \u0432\u043a\u0430\u0437\u0456\u0432\u043a\u0430 \u043d\u0430 \u043e\u0440\u0438\u0433\u0456\u043d\u0430\u043b\u044c\u043d\u0438\u0439 \u0432\u043c\u0456\u0441\u0442.<\/p><p>\u0426\u0435\u0439 \u0432\u0435\u0431-\u0441\u0430\u0439\u0442 \u0442\u0430 \u0439\u043e\u0433\u043e \u0432\u043c\u0456\u0441\u0442 \u0454 \u043e\u0431\u2019\u0454\u043a\u0442\u0430\u043c\u0438 \u0430\u0432\u0442\u043e\u0440\u0441\u044c\u043a\u043e\u0433\u043e \u043f\u0440\u0430\u0432\u0430 \u0442\u0430 \u0456\u043d\u0448\u0438\u0445 \u043f\u0440\u0430\u0432 \u0456\u043d\u0442\u0435\u043b\u0435\u043a\u0442\u0443\u0430\u043b\u044c\u043d\u043e\u0457 \u0432\u043b\u0430\u0441\u043d\u043e\u0441\u0442\u0456. \u0411\u0443\u0434\u044c-\u044f\u043a\u0435 \u043f\u043e\u0432\u0442\u043e\u0440\u043d\u0435 \u0440\u043e\u0437\u043f\u043e\u0432\u0441\u044e\u0434\u0436\u0435\u043d\u043d\u044f \u0430\u0431\u043e \u0432\u0456\u0434\u0442\u0432\u043e\u0440\u0435\u043d\u043d\u044f \u0447\u0430\u0441\u0442\u0438\u043d\u0438 \u0430\u0431\u043e \u0432\u0441\u044c\u043e\u0433\u043e \u0432\u043c\u0456\u0441\u0442\u0443 \u0432 \u0431\u0443\u0434\u044c-\u044f\u043a\u0456\u0439 \u0444\u043e\u0440\u043c\u0456 \u0437\u0430\u0431\u043e\u0440\u043e\u043d\u0435\u043d\u043e, \u0437\u0430 \u0432\u0438\u043d\u044f\u0442\u043a\u043e\u043c \u043d\u0430\u0441\u0442\u0443\u043f\u043d\u043e\u0433\u043e:<\/p><p>Sie d\u00fcrfen Ausz\u00fcge nur f\u00fcr Ihren pers\u00f6nlichen und nicht kommerziellen Gebrauch ausdrucken oder herunterladen. Wir nehmen den Schutz des geistigen Eigentums ernst und werden rechtliche Schritte gegen jede unbefugte Nutzung unserer Inhalte einleiten.<\/p><p>\u0417 \u043f\u0438\u0442\u0430\u043d\u044c \u0432\u0438\u043a\u043e\u0440\u0438\u0441\u0442\u0430\u043d\u043d\u044f \u0430\u0431\u043e \u043b\u0456\u0446\u0435\u043d\u0437\u0443\u0432\u0430\u043d\u043d\u044f \u043d\u0430\u0448\u0438\u0445 \u043c\u0430\u0442\u0435\u0440\u0456\u0430\u043b\u0456\u0432, \u0437\u0430\u0445\u0438\u0449\u0435\u043d\u0438\u0445 \u0430\u0432\u0442\u043e\u0440\u0441\u044c\u043a\u0438\u043c \u043f\u0440\u0430\u0432\u043e\u043c, \u0431\u0443\u0434\u044c \u043b\u0430\u0441\u043a\u0430, \u0437\u0432'\u044f\u0436\u0456\u0442\u044c\u0441\u044f \u0437 \u043d\u0430\u043c\u0438 \u0437\u0430 \u0430\u0434\u0440\u0435\u0441\u043e\u044e: nplifestylemedia@gmail.com.<\/p><p>\u0414\u044f\u043a\u0443\u0454\u043c\u043e \u0437\u0430 \u043f\u043e\u0432\u0430\u0433\u0443 \u0434\u043e \u043d\u0430\u0448\u0438\u0445 \u043f\u0440\u0430\u0432 \u0456\u043d\u0442\u0435\u043b\u0435\u043a\u0442\u0443\u0430\u043b\u044c\u043d\u043e\u0457 \u0432\u043b\u0430\u0441\u043d\u043e\u0441\u0442\u0456.<\/p>\t\t\t\t\t\t\t\t<\/div>\n\t\t\t\t<\/div>\n\t\t\t\t<div class=\"elementor-element elementor-element-c90f173 elementor-widget elementor-widget-spacer\" data-id=\"c90f173\" data-element_type=\"widget\" data-e-type=\"widget\" data-widget_type=\"spacer.default\">\n\t\t\t\t<div class=\"elementor-widget-container\">\n\t\t\t\t\t\t\t<div class=\"elementor-spacer\">\n\t\t\t<div class=\"elementor-spacer-inner\"><\/div>\n\t\t<\/div>\n\t\t\t\t\t\t<\/div>\n\t\t\t\t<\/div>\n\t\t\t\t\t<\/div>\n\t\t\t\t<\/div>\n\t\t\t\t<\/div>","protected":false},"excerpt":{"rendered":"<p>Copyright \u00a9 NP Lifestyle media &amp; travel 2019-2026. Alle Rechte vorbehalten. Alle Inhalte dieser Webseite, insbesondere Texte, Fotografien und Grafiken, sind urheberrechtlich gesch\u00fctzt. Das Urheberrecht liegt, soweit nicht ausdr\u00fccklichanders gekennzeichnet, bei Peter M. Keller &#8222;NP Lifestyle media &amp; travel&#8220; Die Rechte von YouTube, Instagram, mpb, Epidemic Sound,\u00a0liegen bei deren Eigent\u00fcmern Die unbefugte Nutzung und\/oder Vervielf\u00e4ltigung [&hellip;]<\/p>\n","protected":false},"author":1,"featured_media":0,"parent":0,"menu_order":0,"comment_status":"closed","ping_status":"closed","template":"","meta":{"ocean_post_layout":"full-screen","ocean_both_sidebars_style":"","ocean_both_sidebars_content_width":0,"ocean_both_sidebars_sidebars_width":0,"ocean_sidebar":"","ocean_second_sidebar":"","ocean_disable_margins":"enable","ocean_add_body_class":"","ocean_shortcode_before_top_bar":"","ocean_shortcode_after_top_bar":"","ocean_shortcode_before_header":"","ocean_shortcode_after_header":"","ocean_has_shortcode":"","ocean_shortcode_after_title":"","ocean_shortcode_before_footer_widgets":"","ocean_shortcode_after_footer_widgets":"","ocean_shortcode_before_footer_bottom":"","ocean_shortcode_after_footer_bottom":"","ocean_display_top_bar":"off","ocean_display_header":"default","ocean_header_style":"","ocean_center_header_left_menu":"","ocean_custom_header_template":"","ocean_custom_logo":0,"ocean_custom_retina_logo":0,"ocean_custom_logo_max_width":0,"ocean_custom_logo_tablet_max_width":0,"ocean_custom_logo_mobile_max_width":0,"ocean_custom_logo_max_height":0,"ocean_custom_logo_tablet_max_height":0,"ocean_custom_logo_mobile_max_height":0,"ocean_header_custom_menu":"","ocean_menu_typo_font_family":"","ocean_menu_typo_font_subset":"","ocean_menu_typo_font_size":0,"ocean_menu_typo_font_size_tablet":0,"ocean_menu_typo_font_size_mobile":0,"ocean_menu_typo_font_size_unit":"px","ocean_menu_typo_font_weight":"","ocean_menu_typo_font_weight_tablet":"","ocean_menu_typo_font_weight_mobile":"","ocean_menu_typo_transform":"","ocean_menu_typo_transform_tablet":"","ocean_menu_typo_transform_mobile":"","ocean_menu_typo_line_height":0,"ocean_menu_typo_line_height_tablet":0,"ocean_menu_typo_line_height_mobile":0,"ocean_menu_typo_line_height_unit":"","ocean_menu_typo_spacing":0,"ocean_menu_typo_spacing_tablet":0,"ocean_menu_typo_spacing_mobile":0,"ocean_menu_typo_spacing_unit":"","ocean_menu_link_color":"","ocean_menu_link_color_hover":"","ocean_menu_link_color_active":"","ocean_menu_link_background":"","ocean_menu_link_hover_background":"","ocean_menu_link_active_background":"","ocean_menu_social_links_bg":"","ocean_menu_social_hover_links_bg":"","ocean_menu_social_links_color":"","ocean_menu_social_hover_links_color":"","ocean_disable_title":"on","ocean_disable_heading":"default","ocean_post_title":"","ocean_post_subheading":"","ocean_post_title_style":"","ocean_post_title_background_color":"","ocean_post_title_background":0,"ocean_post_title_bg_image_position":"","ocean_post_title_bg_image_attachment":"","ocean_post_title_bg_image_repeat":"","ocean_post_title_bg_image_size":"","ocean_post_title_height":0,"ocean_post_title_bg_overlay":0.5,"ocean_post_title_bg_overlay_color":"","ocean_disable_breadcrumbs":"default","ocean_breadcrumbs_color":"","ocean_breadcrumbs_separator_color":"","ocean_breadcrumbs_links_color":"","ocean_breadcrumbs_links_hover_color":"","ocean_display_footer_widgets":"off","ocean_display_footer_bottom":"off","ocean_custom_footer_template":"","footnotes":""},"class_list":["post-34","page","type-page","status-publish","hentry","entry"],"_links":{"self":[{"href":"https:\/\/nplifestylemediaandtravel.com\/ua\/wp-json\/wp\/v2\/pages\/34","targetHints":{"allow":["GET"]}}],"collection":[{"href":"https:\/\/nplifestylemediaandtravel.com\/ua\/wp-json\/wp\/v2\/pages"}],"about":[{"href":"https:\/\/nplifestylemediaandtravel.com\/ua\/wp-json\/wp\/v2\/types\/page"}],"author":[{"embeddable":true,"href":"https:\/\/nplifestylemediaandtravel.com\/ua\/wp-json\/wp\/v2\/users\/1"}],"replies":[{"embeddable":true,"href":"https:\/\/nplifestylemediaandtravel.com\/ua\/wp-json\/wp\/v2\/comments?post=34"}],"version-history":[{"count":10,"href":"https:\/\/nplifestylemediaandtravel.com\/ua\/wp-json\/wp\/v2\/pages\/34\/revisions"}],"predecessor-version":[{"id":6785,"href":"https:\/\/nplifestylemediaandtravel.com\/ua\/wp-json\/wp\/v2\/pages\/34\/revisions\/6785"}],"wp:attachment":[{"href":"https:\/\/nplifestylemediaandtravel.com\/ua\/wp-json\/wp\/v2\/media?parent=34"}],"curies":[{"name":"wp","href":"https:\/\/api.w.org\/{rel}","templated":true}]}}